{"id":228,"date":"2022-12-12T09:26:43","date_gmt":"2022-12-12T09:26:43","guid":{"rendered":"https:\/\/strandmarie-spo.de\/?page_id=228"},"modified":"2026-04-01T10:43:58","modified_gmt":"2026-04-01T10:43:58","slug":"kalender","status":"publish","type":"page","link":"https:\/\/strandmarie-spo.de\/?page_id=228","title":{"rendered":"Kalender"},"content":{"rendered":"\n<div style=\"height:15px\" aria-hidden=\"true\" class=\"wp-block-spacer\"><\/div>\n\n\n<div class=\"wp-block-image\">\n<figure class=\"aligncenter is-resized\"><img loading=\"lazy\" decoding=\"async\" width=\"1024\" height=\"88\" src=\"https:\/\/strandmarie-spo.de\/wp-content\/uploads\/2023\/02\/40E161B0-3EA7-451D-8FF8-280C7AE85331-1024x88.jpeg\" alt=\"\" class=\"wp-image-358\" style=\"aspect-ratio:11.636363636363637;width:288px;height:auto\" srcset=\"https:\/\/strandmarie-spo.de\/wp-content\/uploads\/2023\/02\/40E161B0-3EA7-451D-8FF8-280C7AE85331-1024x88.jpeg 1024w, https:\/\/strandmarie-spo.de\/wp-content\/uploads\/2023\/02\/40E161B0-3EA7-451D-8FF8-280C7AE85331-300x26.jpeg 300w, https:\/\/strandmarie-spo.de\/wp-content\/uploads\/2023\/02\/40E161B0-3EA7-451D-8FF8-280C7AE85331-768x66.jpeg 768w, https:\/\/strandmarie-spo.de\/wp-content\/uploads\/2023\/02\/40E161B0-3EA7-451D-8FF8-280C7AE85331-1536x132.jpeg 1536w, https:\/\/strandmarie-spo.de\/wp-content\/uploads\/2023\/02\/40E161B0-3EA7-451D-8FF8-280C7AE85331-1160x100.jpeg 1160w, https:\/\/strandmarie-spo.de\/wp-content\/uploads\/2023\/02\/40E161B0-3EA7-451D-8FF8-280C7AE85331.jpeg 1662w\" sizes=\"auto, (max-width: 1024px) 100vw, 1024px\" \/><\/figure>\n<\/div>\n\n\n<div class=\"wp-block-group\"><div class=\"wp-block-group__inner-container is-layout-constrained wp-block-group-is-layout-constrained\">\n<div class=\"wp-block-columns is-layout-flex wp-container-core-columns-is-layout-9d6595d7 wp-block-columns-is-layout-flex\">\n<div class=\"wp-block-column is-layout-flow wp-block-column-is-layout-flow\" style=\"flex-basis:100%\"><\/div>\n<\/div>\n<\/div><\/div>\n\n\n\n<div class=\"wp-block-group\"><div class=\"wp-block-group__inner-container is-layout-constrained wp-block-group-is-layout-constrained\">\n<div class=\"wp-block-group\"><div class=\"wp-block-group__inner-container is-layout-constrained wp-block-group-is-layout-constrained\">\n<figure class=\"wp-block-gallery has-nested-images columns-default is-cropped wp-block-gallery-1 is-layout-flex wp-block-gallery-is-layout-flex\">\n<figure class=\"wp-block-image size-full\"><img loading=\"lazy\" decoding=\"async\" width=\"1062\" height=\"911\" data-id=\"780\" src=\"https:\/\/strandmarie-spo.de\/wp-content\/uploads\/2026\/04\/IMG_6061.jpeg\" alt=\"\" class=\"wp-image-780\" srcset=\"https:\/\/strandmarie-spo.de\/wp-content\/uploads\/2026\/04\/IMG_6061.jpeg 1062w, https:\/\/strandmarie-spo.de\/wp-content\/uploads\/2026\/04\/IMG_6061-300x257.jpeg 300w, https:\/\/strandmarie-spo.de\/wp-content\/uploads\/2026\/04\/IMG_6061-1024x878.jpeg 1024w, https:\/\/strandmarie-spo.de\/wp-content\/uploads\/2026\/04\/IMG_6061-768x659.jpeg 768w\" sizes=\"auto, (max-width: 1062px) 100vw, 1062px\" \/><\/figure>\n\n\n\n<figure class=\"wp-block-image size-full\"><img loading=\"lazy\" decoding=\"async\" width=\"1069\" height=\"924\" data-id=\"782\" src=\"https:\/\/strandmarie-spo.de\/wp-content\/uploads\/2026\/04\/IMG_6062.jpeg\" alt=\"\" class=\"wp-image-782\" srcset=\"https:\/\/strandmarie-spo.de\/wp-content\/uploads\/2026\/04\/IMG_6062.jpeg 1069w, https:\/\/strandmarie-spo.de\/wp-content\/uploads\/2026\/04\/IMG_6062-300x259.jpeg 300w, https:\/\/strandmarie-spo.de\/wp-content\/uploads\/2026\/04\/IMG_6062-1024x885.jpeg 1024w, https:\/\/strandmarie-spo.de\/wp-content\/uploads\/2026\/04\/IMG_6062-768x664.jpeg 768w\" sizes=\"auto, (max-width: 1069px) 100vw, 1069px\" \/><\/figure>\n\n\n\n<figure class=\"wp-block-image size-full\"><img loading=\"lazy\" decoding=\"async\" width=\"1069\" height=\"921\" data-id=\"764\" src=\"https:\/\/strandmarie-spo.de\/wp-content\/uploads\/2026\/02\/IMG_6010.jpeg\" alt=\"\" class=\"wp-image-764\" srcset=\"https:\/\/strandmarie-spo.de\/wp-content\/uploads\/2026\/02\/IMG_6010.jpeg 1069w, https:\/\/strandmarie-spo.de\/wp-content\/uploads\/2026\/02\/IMG_6010-300x258.jpeg 300w, https:\/\/strandmarie-spo.de\/wp-content\/uploads\/2026\/02\/IMG_6010-1024x882.jpeg 1024w, https:\/\/strandmarie-spo.de\/wp-content\/uploads\/2026\/02\/IMG_6010-768x662.jpeg 768w\" sizes=\"auto, (max-width: 1069px) 100vw, 1069px\" \/><\/figure>\n\n\n\n<figure class=\"wp-block-image size-full\"><img loading=\"lazy\" decoding=\"async\" width=\"1069\" height=\"908\" data-id=\"765\" src=\"https:\/\/strandmarie-spo.de\/wp-content\/uploads\/2026\/02\/IMG_6011.jpeg\" alt=\"\" class=\"wp-image-765\" srcset=\"https:\/\/strandmarie-spo.de\/wp-content\/uploads\/2026\/02\/IMG_6011.jpeg 1069w, https:\/\/strandmarie-spo.de\/wp-content\/uploads\/2026\/02\/IMG_6011-300x255.jpeg 300w, https:\/\/strandmarie-spo.de\/wp-content\/uploads\/2026\/02\/IMG_6011-1024x870.jpeg 1024w, https:\/\/strandmarie-spo.de\/wp-content\/uploads\/2026\/02\/IMG_6011-768x652.jpeg 768w\" sizes=\"auto, (max-width: 1069px) 100vw, 1069px\" \/><\/figure>\n\n\n\n<figure class=\"wp-block-image size-full\"><img loading=\"lazy\" decoding=\"async\" width=\"1064\" height=\"1034\" data-id=\"784\" src=\"https:\/\/strandmarie-spo.de\/wp-content\/uploads\/2026\/04\/IMG_6064.jpeg\" alt=\"\" class=\"wp-image-784\" srcset=\"https:\/\/strandmarie-spo.de\/wp-content\/uploads\/2026\/04\/IMG_6064.jpeg 1064w, https:\/\/strandmarie-spo.de\/wp-content\/uploads\/2026\/04\/IMG_6064-300x292.jpeg 300w, https:\/\/strandmarie-spo.de\/wp-content\/uploads\/2026\/04\/IMG_6064-1024x995.jpeg 1024w, https:\/\/strandmarie-spo.de\/wp-content\/uploads\/2026\/04\/IMG_6064-768x746.jpeg 768w\" sizes=\"auto, (max-width: 1064px) 100vw, 1064px\" \/><\/figure>\n\n\n\n<figure class=\"wp-block-image size-full\"><img loading=\"lazy\" decoding=\"async\" width=\"1048\" height=\"930\" data-id=\"718\" src=\"https:\/\/strandmarie-spo.de\/wp-content\/uploads\/2025\/11\/IMG_5838.jpeg\" alt=\"\" class=\"wp-image-718\" srcset=\"https:\/\/strandmarie-spo.de\/wp-content\/uploads\/2025\/11\/IMG_5838.jpeg 1048w, https:\/\/strandmarie-spo.de\/wp-content\/uploads\/2025\/11\/IMG_5838-300x266.jpeg 300w, https:\/\/strandmarie-spo.de\/wp-content\/uploads\/2025\/11\/IMG_5838-1024x909.jpeg 1024w, https:\/\/strandmarie-spo.de\/wp-content\/uploads\/2025\/11\/IMG_5838-768x682.jpeg 768w\" sizes=\"auto, (max-width: 1048px) 100vw, 1048px\" \/><\/figure>\n\n\n\n<figure class=\"wp-block-image size-full\"><img loading=\"lazy\" decoding=\"async\" width=\"1051\" height=\"919\" data-id=\"735\" src=\"https:\/\/strandmarie-spo.de\/wp-content\/uploads\/2026\/01\/IMG_5938.jpeg\" alt=\"\" class=\"wp-image-735\" srcset=\"https:\/\/strandmarie-spo.de\/wp-content\/uploads\/2026\/01\/IMG_5938.jpeg 1051w, https:\/\/strandmarie-spo.de\/wp-content\/uploads\/2026\/01\/IMG_5938-300x262.jpeg 300w, https:\/\/strandmarie-spo.de\/wp-content\/uploads\/2026\/01\/IMG_5938-1024x895.jpeg 1024w, https:\/\/strandmarie-spo.de\/wp-content\/uploads\/2026\/01\/IMG_5938-768x672.jpeg 768w\" sizes=\"auto, (max-width: 1051px) 100vw, 1051px\" \/><\/figure>\n\n\n\n<figure class=\"wp-block-image size-full\"><img loading=\"lazy\" decoding=\"async\" width=\"1058\" height=\"1040\" data-id=\"720\" src=\"https:\/\/strandmarie-spo.de\/wp-content\/uploads\/2025\/11\/IMG_5840.jpeg\" alt=\"\" class=\"wp-image-720\" srcset=\"https:\/\/strandmarie-spo.de\/wp-content\/uploads\/2025\/11\/IMG_5840.jpeg 1058w, https:\/\/strandmarie-spo.de\/wp-content\/uploads\/2025\/11\/IMG_5840-300x295.jpeg 300w, https:\/\/strandmarie-spo.de\/wp-content\/uploads\/2025\/11\/IMG_5840-1024x1007.jpeg 1024w, https:\/\/strandmarie-spo.de\/wp-content\/uploads\/2025\/11\/IMG_5840-768x755.jpeg 768w, https:\/\/strandmarie-spo.de\/wp-content\/uploads\/2025\/11\/IMG_5840-75x75.jpeg 75w\" sizes=\"auto, (max-width: 1058px) 100vw, 1058px\" \/><\/figure>\n\n\n\n<figure class=\"wp-block-image size-full\"><img loading=\"lazy\" decoding=\"async\" width=\"1061\" height=\"917\" data-id=\"721\" src=\"https:\/\/strandmarie-spo.de\/wp-content\/uploads\/2025\/11\/IMG_5841.jpeg\" alt=\"\" class=\"wp-image-721\" srcset=\"https:\/\/strandmarie-spo.de\/wp-content\/uploads\/2025\/11\/IMG_5841.jpeg 1061w, https:\/\/strandmarie-spo.de\/wp-content\/uploads\/2025\/11\/IMG_5841-300x259.jpeg 300w, https:\/\/strandmarie-spo.de\/wp-content\/uploads\/2025\/11\/IMG_5841-1024x885.jpeg 1024w, https:\/\/strandmarie-spo.de\/wp-content\/uploads\/2025\/11\/IMG_5841-768x664.jpeg 768w\" sizes=\"auto, (max-width: 1061px) 100vw, 1061px\" \/><\/figure>\n\n\n\n<figure class=\"wp-block-image size-full\"><img loading=\"lazy\" decoding=\"async\" width=\"1061\" height=\"898\" data-id=\"722\" src=\"https:\/\/strandmarie-spo.de\/wp-content\/uploads\/2025\/11\/IMG_5842.jpeg\" alt=\"\" class=\"wp-image-722\" srcset=\"https:\/\/strandmarie-spo.de\/wp-content\/uploads\/2025\/11\/IMG_5842.jpeg 1061w, https:\/\/strandmarie-spo.de\/wp-content\/uploads\/2025\/11\/IMG_5842-300x254.jpeg 300w, https:\/\/strandmarie-spo.de\/wp-content\/uploads\/2025\/11\/IMG_5842-1024x867.jpeg 1024w, https:\/\/strandmarie-spo.de\/wp-content\/uploads\/2025\/11\/IMG_5842-768x650.jpeg 768w\" sizes=\"auto, (max-width: 1061px) 100vw, 1061px\" \/><\/figure>\n<\/figure>\n<\/div><\/div>\n<\/div><\/div>\n\n\n\n<div style=\"height:15px\" aria-hidden=\"true\" class=\"wp-block-spacer\"><\/div>\n\n\n\n<div style=\"height:15px\" aria-hidden=\"true\" class=\"wp-block-spacer\"><\/div>\n\n\n<div class=\"wp-block-image\">\n<figure class=\"aligncenter is-resized\"><img loading=\"lazy\" decoding=\"async\" width=\"1024\" height=\"88\" src=\"https:\/\/strandmarie-spo.de\/wp-content\/uploads\/2023\/02\/40E161B0-3EA7-451D-8FF8-280C7AE85331-1024x88.jpeg\" alt=\"\" class=\"wp-image-358\" style=\"aspect-ratio:11.636363636363637;width:288px;height:auto\" srcset=\"https:\/\/strandmarie-spo.de\/wp-content\/uploads\/2023\/02\/40E161B0-3EA7-451D-8FF8-280C7AE85331-1024x88.jpeg 1024w, https:\/\/strandmarie-spo.de\/wp-content\/uploads\/2023\/02\/40E161B0-3EA7-451D-8FF8-280C7AE85331-300x26.jpeg 300w, https:\/\/strandmarie-spo.de\/wp-content\/uploads\/2023\/02\/40E161B0-3EA7-451D-8FF8-280C7AE85331-768x66.jpeg 768w, https:\/\/strandmarie-spo.de\/wp-content\/uploads\/2023\/02\/40E161B0-3EA7-451D-8FF8-280C7AE85331-1536x132.jpeg 1536w, https:\/\/strandmarie-spo.de\/wp-content\/uploads\/2023\/02\/40E161B0-3EA7-451D-8FF8-280C7AE85331-1160x100.jpeg 1160w, https:\/\/strandmarie-spo.de\/wp-content\/uploads\/2023\/02\/40E161B0-3EA7-451D-8FF8-280C7AE85331.jpeg 1662w\" sizes=\"auto, (max-width: 1024px) 100vw, 1024px\" \/><\/figure>\n<\/div>\n\n\n<div style=\"height:14px\" aria-hidden=\"true\" class=\"wp-block-spacer\"><\/div>\n\n\n\n<p>Abreisen am Mo und Di sind aus organisatorischen Gr\u00fcnden leider nur eingeschr\u00e4nkt und auf Nachfrage m\u00f6glich. Bei einer Preisanfrage oder Reservierung klicken Sie bitte auf den nachfolgenden Link teilen Sie uns bitte die gew\u00fcnschte Reisezeit und die Personenanzahl mi<\/p>\n\n\n\n<p class=\"has-medium-font-size\">E-Mail: <a rel=\"noreferrer noopener\" href=\"mailto:info@strandmarie-spo.de\" target=\"_blank\">info@strandmarie-spo.de<\/a><\/p>\n\n\n\n<div style=\"height:15px\" aria-hidden=\"true\" class=\"wp-block-spacer\"><\/div>\n\n\n\n<div style=\"height:30px\" aria-hidden=\"true\" class=\"wp-block-spacer\"><\/div>\n\n\n\n<p class=\"has-text-align-center has-black-color has-white-background-color has-text-color has-background\" style=\"font-size:18px\"><strong>Bereits zum Wunschtermin belegt ? Dann h\u00e4tten wir hier vielleicht eine sch\u00f6ne Alternative:<\/strong><\/p>\n\n\n\n<p>Sollte die Strandmarie bereits zum gew\u00fcnschten Termin belegt sein oder m\u00f6chten Sie gemeinsam mit Freunden oder der Familie verreisen, dann empfehlen wir unser App. Strandperle in der Loreley Nr. 17. Die beiden Appartements liegen fast nebeneinander und haben beide den Balkon zur Sonnenseite.<\/p>\n\n\n\n<p class=\"has-text-align-left\">Beide Wohnungen werden zum selben Preis angeboten und k\u00f6nnen provisionsfrei direkt \u00fcber den selben Eigent\u00fcmer erfolgen. Schreiben Sie uns am besten kurz eine Mail mit dem gew\u00fcnschten Appartement (Strandperle und\/oder Strandmarie), Reisezeit und Personenzahl. Wir melden uns umgehend mit einem Angebot. Sollten Sie das Angebot annehmen und buchen, dann w\u00e4re eine Anzahlung in H\u00f6he von 20 % innerhalb einer Woche f\u00e4llig. Weitere Infos und Bilder \u00fcber die Strandperle finden Sie unter <a rel=\"noreferrer noopener\" href=\"http:\/\/www.strandperle-spo.de\" data-type=\"URL\" data-id=\"http:\/\/www.strandperle-spo.de\" target=\"_blank\">www.strandperle-spo.de<\/a>.<br><\/p>\n\n\n\n<p><\/p>\n\n\n\n<div style=\"height:29px\" aria-hidden=\"true\" class=\"wp-block-spacer\"><\/div>\n\n\n\n<p>Annette Muench<br>Tel.: 0151-21 24 58 79 <\/p>\n\n\n\n<p>E-Mail: <a rel=\"noreferrer noopener\" href=\"mailto:info@strandmarie-spo.de\" target=\"_blank\">info@strandmarie-spo.de<\/a><\/p>\n\n\n\n<div style=\"height:100px\" aria-hidden=\"true\" class=\"wp-block-spacer\"><\/div>\n","protected":false},"excerpt":{"rendered":"<p>Abreisen am Mo und Di sind aus organisatorischen Gr\u00fcnden leider nur eingeschr\u00e4nkt und auf Nachfrage m\u00f6glich. Bei einer Preisanfrage oder Reservierung klicken Sie bitte auf den nachfolgenden Link teilen Sie uns bitte die gew\u00fcnschte Reisezeit und die Personenanzahl mi E-Mail: info@strandmarie-spo.de Bereits zum Wunschtermin belegt ? Dann h\u00e4tten wir hier vielleicht eine sch\u00f6ne Alternative: Sollte die Strandmarie bereits zum gew\u00fcnschten Termin belegt sein oder m\u00f6chten Sie gemeinsam mit Freunden oder der Familie verreisen, dann empfehlen wir unser App. Strandperle in der Loreley Nr. 17. Die beiden Appartements liegen fast nebeneinander und haben beide den Balkon zur Sonnenseite. Beide Wohnungen werden zum selben Preis angeboten und k\u00f6nnen provisionsfrei direkt \u00fcber den selben Eigent\u00fcmer erfolgen. Schreiben Sie uns am besten kurz eine Mail mit dem gew\u00fcnschten Appartement (Strandperle und\/oder Strandmarie), Reisezeit und Personenzahl. Wir melden uns umgehend mit einem Angebot. Sollten Sie das Angebot annehmen und buchen, dann w\u00e4re eine Anzahlung in H\u00f6he von 20 % innerhalb einer Woche f\u00e4llig. Weitere Infos und Bilder \u00fcber die Strandperle finden Sie unter www.strandperle-spo.de. Annette MuenchTel.: 0151-21 24 58 79 E-Mail: info@strandmarie-spo.de<\/p>\n","protected":false},"author":1,"featured_media":0,"parent":0,"menu_order":0,"comment_status":"closed","ping_status":"closed","template":"","meta":{"footnotes":""},"class_list":["post-228","page","type-page","status-publish","hentry"],"acf":[],"_links":{"self":[{"href":"https:\/\/strandmarie-spo.de\/index.php?rest_route=\/wp\/v2\/pages\/228","targetHints":{"allow":["GET"]}}],"collection":[{"href":"https:\/\/strandmarie-spo.de\/index.php?rest_route=\/wp\/v2\/pages"}],"about":[{"href":"https:\/\/strandmarie-spo.de\/index.php?rest_route=\/wp\/v2\/types\/page"}],"author":[{"embeddable":true,"href":"https:\/\/strandmarie-spo.de\/index.php?rest_route=\/wp\/v2\/users\/1"}],"replies":[{"embeddable":true,"href":"https:\/\/strandmarie-spo.de\/index.php?rest_route=%2Fwp%2Fv2%2Fcomments&post=228"}],"version-history":[{"count":114,"href":"https:\/\/strandmarie-spo.de\/index.php?rest_route=\/wp\/v2\/pages\/228\/revisions"}],"predecessor-version":[{"id":785,"href":"https:\/\/strandmarie-spo.de\/index.php?rest_route=\/wp\/v2\/pages\/228\/revisions\/785"}],"wp:attachment":[{"href":"https:\/\/strandmarie-spo.de\/index.php?rest_route=%2Fwp%2Fv2%2Fmedia&parent=228"}],"curies":[{"name":"wp","href":"https:\/\/api.w.org\/{rel}","templated":true}]}}