{"id":81,"date":"2020-09-24T06:46:32","date_gmt":"2020-09-24T06:46:32","guid":{"rendered":"https:\/\/strandmarie-spo.de\/?page_id=81"},"modified":"2026-01-04T17:59:08","modified_gmt":"2026-01-04T17:59:08","slug":"preise","status":"publish","type":"page","link":"https:\/\/strandmarie-spo.de\/?page_id=81","title":{"rendered":"Preise"},"content":{"rendered":"\n<p>Bettw\u00e4sche, Strom, Wasser- und Heizungskosten sowie der Pkw-Stellplatz sind im Preis enthalten. &nbsp;<\/p>\n\n\n\n<p>Die Preise beziehen sich jeweils auf eine Mindestbuchung von 1 Woche, bei k\u00fcrzerer Buchung erfolgt ggf- ein kleiner Zuschlag. <\/p>\n\n\n\n<div style=\"height:16px\" aria-hidden=\"true\" class=\"wp-block-spacer\"><\/div>\n\n\n\n<div style=\"height:20px\" aria-hidden=\"true\" class=\"wp-block-spacer\"><\/div>\n\n\n\n<figure class=\"wp-block-table aligncenter is-style-stripes\"><table><tbody><tr><td><em><strong>SAISON <\/strong> <strong>2026<\/strong><\/em><\/td><td class=\"has-text-align-center\" data-align=\"center\"><strong>ZEITEN<\/strong><\/td><td class=\"has-text-align-center\" data-align=\"center\"><strong>Preis pro Nacht<\/strong><\/td><\/tr><tr><td>Jahresstart<\/td><td class=\"has-text-align-center\" data-align=\"center\">08.01. &#8211; 28.02.<\/td><td class=\"has-text-align-center\" data-align=\"center\">54 \u20ac<\/td><\/tr><tr><td>Fr\u00fchling<\/td><td class=\"has-text-align-center\" data-align=\"center\">01.03. &#8211; 29.03.<\/td><td class=\"has-text-align-center\" data-align=\"center\">76 \u20ac<\/td><\/tr><tr><td>Osterferien<\/td><td class=\"has-text-align-center\" data-align=\"center\">30.03 &#8211; 12.04.<\/td><td class=\"has-text-align-center\" data-align=\"center\">95 \u20ac<\/td><\/tr><tr><td>Vorsaison<\/td><td class=\"has-text-align-center\" data-align=\"center\">13.04. &#8211; 14.05.<\/td><td class=\"has-text-align-center\" data-align=\"center\">76 \u20ac<\/td><\/tr><tr><td>Hauptsaison<\/td><td class=\"has-text-align-center\" data-align=\"center\">15.05. &#8211; 30.09.<\/td><td class=\"has-text-align-center\" data-align=\"center\">95 \u20ac<\/td><\/tr><tr><td>Herbst<\/td><td class=\"has-text-align-center\" data-align=\"center\">01.10 &#8211; 31.10.<\/td><td class=\"has-text-align-center\" data-align=\"center\">76 \u20ac<\/td><\/tr><tr><td>Wintervorfreude<\/td><td class=\"has-text-align-center\" data-align=\"center\">01.11 &#8211; 19.12.<\/td><td class=\"has-text-align-center\" data-align=\"center\">54 \u20ac<\/td><\/tr><tr><td>Weihnachten \/ Sylvester<\/td><td class=\"has-text-align-center\" data-align=\"center\">20.12 &#8211; 07.01.<\/td><td class=\"has-text-align-center\" data-align=\"center\">95 \u20ac<\/td><\/tr><tr><td><\/td><td class=\"has-text-align-center\" data-align=\"center\"><\/td><td class=\"has-text-align-center\" data-align=\"center\"><\/td><\/tr><\/tbody><\/table><\/figure>\n\n\n\n<div style=\"height:23px\" aria-hidden=\"true\" class=\"wp-block-spacer\"><\/div>\n\n\n\n<p><\/p>\n\n\n\n<div style=\"height:20px\" aria-hidden=\"true\" class=\"wp-block-spacer\"><\/div>\n\n\n\n<p><strong>Nebenkosten<\/strong><\/p>\n\n\n\n<p>Endreinigung: 95 \u20ac&nbsp;pro Aufenthalt<\/p>\n\n\n\n<p>Buchungsgeb\u00fchr: keine<\/p>\n\n\n\n<p>Bettw\u00e4sche, Handt\u00fccher, Geschirr- u. Wischtuch: inklusiv<\/p>\n\n\n\n<p>Strom, Wasser, Heizung: inklusiv<\/p>\n\n\n\n<p>Stellplatz Nr. 14: inklusiv<\/p>\n\n\n\n<p>Hinzu kommt die Kurtaxe der Gemeinde mit saisonabh\u00e4ngig 3-4 \u20ac pro Person u. Tag.<\/p>\n\n\n\n<p>Schreiben Sie uns am besten kurz eine Mail mit der gew\u00fcnschten Reisezeit. Wir melden uns umgehend mit einem Angebot. M\u00f6chten Sie das Angebot annehmen und fest buchen, dann w\u00e4re eine Anzahlung in H\u00f6he von 20 % innerhalb von einer Woche f\u00e4llig. Bei allen Buchungen kann die Wohnung ohne Grund kostenfrei bis 14 Tage vor Anreise storniert werden, eine kurze Mail ist daf\u00fcr ausreichend. Eine bereits geleistete Anzahlung wird dann umgehend zur\u00fcck \u00fcberwiesen (kein Gutschein!).<\/p>\n\n\n\n<p>Der Endpreis ist inkl. aller Nebenkosten wie z.B. Bettw\u00e4sche, Handt\u00fccher, Kurtaxe und Pkw-Stellplatz. Bitte w\u00e4hlen Sie nach M\u00f6glichkeit einen An- und Abreisetag zwischen Donnerstag und Sonntag,&nbsp; An- und Abreisen sind von Mo \u2013 Mi leider nur eingeschr\u00e4nkt m\u00f6glich.<\/p>\n\n\n\n<p>BUCHUNGSANFRAGE:&nbsp;<a href=\"mailto:info@strandperle-spo.de\" target=\"_blank\" rel=\"noreferrer noopener\">info@strandperle-spo.de<\/a><\/p>\n\n\n\n<p>Annette Muench<br>Tel.: 0151-21 24 58 79<br>E-Mail:&nbsp;<a href=\"mailto:info@strandperle-spo.de\">info@strandperle-spo.de<\/a><\/p>\n\n\n\n<p>Bei Fragen oder W\u00fcnschen sind auch wir jederzeit gerne f\u00fcr Sie da !<\/p>\n\n\n\n<p><\/p>\n","protected":false},"excerpt":{"rendered":"<p>Bettw\u00e4sche, Strom, Wasser- und Heizungskosten sowie der Pkw-Stellplatz sind im Preis enthalten. &nbsp; Die Preise beziehen sich jeweils auf eine Mindestbuchung von 1 Woche, bei k\u00fcrzerer Buchung erfolgt ggf- ein kleiner Zuschlag. SAISON 2026 ZEITEN Preis pro Nacht Jahresstart 08.01. &#8211; 28.02. 54 \u20ac Fr\u00fchling 01.03. &#8211; 29.03. 76 \u20ac Osterferien 30.03 &#8211; 12.04. 95 \u20ac Vorsaison 13.04. &#8211; 14.05. 76 \u20ac Hauptsaison 15.05. &#8211; 30.09. 95 \u20ac Herbst 01.10 &#8211; 31.10. 76 \u20ac Wintervorfreude 01.11 &#8211; 19.12. 54 \u20ac Weihnachten \/ Sylvester 20.12 &#8211; 07.01. 95 \u20ac Nebenkosten Endreinigung: 95 \u20ac&nbsp;pro Aufenthalt Buchungsgeb\u00fchr: keine Bettw\u00e4sche, Handt\u00fccher, Geschirr- u. Wischtuch: inklusiv Strom, Wasser, Heizung: inklusiv Stellplatz Nr. 14: inklusiv Hinzu kommt die Kurtaxe der Gemeinde mit saisonabh\u00e4ngig 3-4 \u20ac pro Person u. Tag. Schreiben Sie uns am besten kurz eine Mail mit der gew\u00fcnschten Reisezeit. Wir melden uns umgehend mit einem Angebot. M\u00f6chten Sie das Angebot annehmen und fest buchen, dann w\u00e4re eine Anzahlung in H\u00f6he von 20 % innerhalb von einer Woche f\u00e4llig. Bei allen Buchungen kann die Wohnung ohne Grund kostenfrei bis 14 Tage vor Anreise storniert werden, eine kurze Mail ist daf\u00fcr ausreichend. Eine bereits geleistete Anzahlung wird dann umgehend zur\u00fcck \u00fcberwiesen (kein Gutschein!). Der Endpreis ist inkl. aller Nebenkosten wie z.B. Bettw\u00e4sche, Handt\u00fccher, Kurtaxe und Pkw-Stellplatz. Bitte w\u00e4hlen Sie nach M\u00f6glichkeit einen An- und Abreisetag zwischen Donnerstag und Sonntag,&nbsp; An- und Abreisen sind von Mo \u2013 Mi leider nur eingeschr\u00e4nkt m\u00f6glich. BUCHUNGSANFRAGE:&nbsp;info@strandperle-spo.de Annette MuenchTel.: 0151-21 24 58 79E-Mail:&nbsp;info@strandperle-spo.de Bei Fragen oder W\u00fcnschen sind auch wir jederzeit gerne f\u00fcr Sie da !<\/p>\n","protected":false},"author":1,"featured_media":0,"parent":0,"menu_order":0,"comment_status":"closed","ping_status":"closed","template":"","meta":{"footnotes":""},"class_list":["post-81","page","type-page","status-publish","hentry"],"acf":[],"_links":{"self":[{"href":"https:\/\/strandmarie-spo.de\/index.php?rest_route=\/wp\/v2\/pages\/81","targetHints":{"allow":["GET"]}}],"collection":[{"href":"https:\/\/strandmarie-spo.de\/index.php?rest_route=\/wp\/v2\/pages"}],"about":[{"href":"https:\/\/strandmarie-spo.de\/index.php?rest_route=\/wp\/v2\/types\/page"}],"author":[{"embeddable":true,"href":"https:\/\/strandmarie-spo.de\/index.php?rest_route=\/wp\/v2\/users\/1"}],"replies":[{"embeddable":true,"href":"https:\/\/strandmarie-spo.de\/index.php?rest_route=%2Fwp%2Fv2%2Fcomments&post=81"}],"version-history":[{"count":18,"href":"https:\/\/strandmarie-spo.de\/index.php?rest_route=\/wp\/v2\/pages\/81\/revisions"}],"predecessor-version":[{"id":737,"href":"https:\/\/strandmarie-spo.de\/index.php?rest_route=\/wp\/v2\/pages\/81\/revisions\/737"}],"wp:attachment":[{"href":"https:\/\/strandmarie-spo.de\/index.php?rest_route=%2Fwp%2Fv2%2Fmedia&parent=81"}],"curies":[{"name":"wp","href":"https:\/\/api.w.org\/{rel}","templated":true}]}}